{"id":11557,"date":"2024-05-14T16:27:31","date_gmt":"2024-05-14T19:27:31","guid":{"rendered":"https:\/\/simuladao.com.br\/app\/?page_id=11557"},"modified":"2026-05-14T12:51:45","modified_gmt":"2026-05-14T15:51:45","slug":"ranking-simulado-cpc-30-questoes","status":"publish","type":"page","link":"https:\/\/simuladao.com.br\/app\/ranking-simulado-cpc-30-questoes\/","title":{"rendered":"RANKING DO SIMULADO DE CPC COM 30 QUEST\u00d5ES"},"content":{"rendered":"<div data-elementor-type=\"wp-page\" data-elementor-id=\"11557\" class=\"elementor elementor-11557\" data-elementor-post-type=\"page\">\n\t\t\t\t<div class=\"elementor-element elementor-element-e43b428 e-flex e-con-boxed e-con e-parent\" data-id=\"e43b428\" data-element_type=\"container\" data-e-type=\"container\">\n\t\t\t\t\t<div class=\"e-con-inner\">\n\t\t<div class=\"elementor-element elementor-element-7ec78af e-con-full e-flex e-con e-child\" data-id=\"7ec78af\" data-element_type=\"container\" data-e-type=\"container\">\n\t\t\t\t<div class=\"elementor-element elementor-element-a1b7fec elementor-widget elementor-widget-text-editor\" data-id=\"a1b7fec\" data-element_type=\"widget\" data-e-type=\"widget\" data-widget_type=\"text-editor.default\">\n\t\t\t\t\t\t\t\t\t<p><span style=\"color: #800000;\"><strong>ATEN\u00c7\u00c3O: Voc\u00ea precisa estar logado (a) para ver o ranking.<\/strong><\/span><\/p>\n<p>Caso n\u00e3o esteja logado ou n\u00e3o possua conta, escolha a op\u00e7\u00e3o Login ou Cadastro no menu superior da plataforma.<\/p>\t\t\t\t\t\t\t\t<\/div>\n\t\t\t\t<\/div>\n\t\t\t\t\t<\/div>\n\t\t\t\t<\/div>\n\t\t<div class=\"elementor-element elementor-element-392793bd e-flex e-con-boxed e-con e-parent\" data-id=\"392793bd\" data-element_type=\"container\" data-e-type=\"container\">\n\t\t\t\t\t<div class=\"e-con-inner\">\n\t\t\t\t<div class=\"elementor-element elementor-element-4f00021c elementor-widget elementor-widget-text-editor\" data-id=\"4f00021c\" data-element_type=\"widget\" data-e-type=\"widget\" data-widget_type=\"text-editor.default\">\n\t\t\t\t\t\t\t\t\t\n<p><div style=\"margin-bottom: 30px; margin-top: 10px;\" class=\"wpProQuiz_toplist\" data-quiz_id=\"4\">\n\t\t\t<h2>Classifica\u00e7\u00e3o: Simulad\u00e3o CPC (30 quest\u00f5es)<\/h2>\n\t\t<table class=\"wpProQuiz_toplistTable\" data-nonce=\"67a57d52b8\">\n\t\t<caption>\n\t\tm\u00e1ximo de  <span class=\"wpProQuiz_max_points\"><\/span>  pontos\t\t<\/caption>\n\t\t<thead>\n\t\t\t<tr>\n\t\t\t\t<th class=\"col-pos\">Pos.<\/th>\n\t\t\t\t<th class=\"col-name\">Nome<\/th>\n\t\t\t\t<th class=\"col-date\">Entrou em<\/th>\n\t\t\t\t<th class=\"col-points\">Pontos<\/th>\n\t\t\t\t<th class=\"col-results\">Resultado<\/th>\n\t\t\t<\/tr>\n\t\t<\/thead>\n\t\t<tbody>\n\t\t\t<tr>\n\t\t\t\t<td colspan=\"5\">Tabela est\u00e1 carregando<\/td>\n\t\t\t<\/tr>\n\t\t\t<tr style=\"display: none;\">\n\t\t\t\t<td colspan=\"5\">N\u00e3o h\u00e1 dados dispon\u00edveis<\/td>\n\t\t\t<\/tr>\n\t\t\t<tr style=\"display: none;\">\n\t\t\t\t<td class=\"col-pos\"><\/td>\n\t\t\t\t<td class=\"col-name\"><\/td>\n\t\t\t\t<td class=\"col-date\"><\/td>\n\t\t\t\t<td class=\"col-points\"><\/td>\n\t\t\t\t<td class=\"col-results\"><\/td>\n\t\t\t<\/tr>\n\t\t<\/tbody>\n\t<\/table>\n<\/div>\n\n\t\t<\/p>\n\t\t\t\t\t\t\t\t<\/div>\n\t\t\t\t\t<\/div>\n\t\t\t\t<\/div>\n\t\t\t\t<\/div>","protected":false},"excerpt":{"rendered":"<p>ATEN\u00c7\u00c3O: Voc\u00ea precisa estar logado (a) para ver o ranking. Caso n\u00e3o esteja logado ou n\u00e3o possua conta, escolha a [&hellip;]<\/p>","protected":false},"author":1,"featured_media":0,"parent":0,"menu_order":0,"comment_status":"closed","ping_status":"closed","template":"","meta":{"site-sidebar-layout":"default","site-content-layout":"","ast-site-content-layout":"default","site-content-style":"default","site-sidebar-style":"default","ast-global-header-display":"","ast-banner-title-visibility":"","ast-main-header-display":"","ast-hfb-above-header-display":"","ast-hfb-below-header-display":"","ast-hfb-mobile-header-display":"","site-post-title":"","ast-breadcrumbs-content":"","ast-featured-img":"","footer-sml-layout":"","ast-disable-related-posts":"","theme-transparent-header-meta":"","adv-header-id-meta":"","stick-header-meta":"","header-above-stick-meta":"","header-main-stick-meta":"","header-below-stick-meta":"","astra-migrate-meta-layouts":"set","ast-page-background-enabled":"default","ast-page-background-meta":{"desktop":{"background-color":"","background-image":"","background-repeat":"repeat","background-position":"center center","background-size":"auto","background-attachment":"scroll","background-type":"","background-media":"","overlay-type":"","overlay-color":"","overlay-opacity":"","overlay-gradient":""},"tablet":{"background-color":"","background-image":"","background-repeat":"repeat","background-position":"center center","background-size":"auto","background-attachment":"scroll","background-type":"","background-media":"","overlay-type":"","overlay-color":"","overlay-opacity":"","overlay-gradient":""},"mobile":{"background-color":"","background-image":"","background-repeat":"repeat","background-position":"center center","background-size":"auto","background-attachment":"scroll","background-type":"","background-media":"","overlay-type":"","overlay-color":"","overlay-opacity":"","overlay-gradient":""}},"ast-content-background-meta":{"desktop":{"background-color":"var(--ast-global-color-5)","background-image":"","background-repeat":"repeat","background-position":"center center","background-size":"auto","background-attachment":"scroll","background-type":"","background-media":"","overlay-type":"","overlay-color":"","overlay-opacity":"","overlay-gradient":""},"tablet":{"background-color":"var(--ast-global-color-5)","background-image":"","background-repeat":"repeat","background-position":"center center","background-size":"auto","background-attachment":"scroll","background-type":"","background-media":"","overlay-type":"","overlay-color":"","overlay-opacity":"","overlay-gradient":""},"mobile":{"background-color":"var(--ast-global-color-5)","background-image":"","background-repeat":"repeat","background-position":"center center","background-size":"auto","background-attachment":"scroll","background-type":"","background-media":"","overlay-type":"","overlay-color":"","overlay-opacity":"","overlay-gradient":""}},"footnotes":""},"class_list":["post-11557","page","type-page","status-publish","hentry"],"_links":{"self":[{"href":"https:\/\/simuladao.com.br\/app\/wp-json\/wp\/v2\/pages\/11557","targetHints":{"allow":["GET"]}}],"collection":[{"href":"https:\/\/simuladao.com.br\/app\/wp-json\/wp\/v2\/pages"}],"about":[{"href":"https:\/\/simuladao.com.br\/app\/wp-json\/wp\/v2\/types\/page"}],"author":[{"embeddable":true,"href":"https:\/\/simuladao.com.br\/app\/wp-json\/wp\/v2\/users\/1"}],"replies":[{"embeddable":true,"href":"https:\/\/simuladao.com.br\/app\/wp-json\/wp\/v2\/comments?post=11557"}],"version-history":[{"count":3,"href":"https:\/\/simuladao.com.br\/app\/wp-json\/wp\/v2\/pages\/11557\/revisions"}],"predecessor-version":[{"id":27505,"href":"https:\/\/simuladao.com.br\/app\/wp-json\/wp\/v2\/pages\/11557\/revisions\/27505"}],"wp:attachment":[{"href":"https:\/\/simuladao.com.br\/app\/wp-json\/wp\/v2\/media?parent=11557"}],"curies":[{"name":"wp","href":"https:\/\/api.w.org\/{rel}","templated":true}]}}