{"id":12719,"date":"2025-04-29T20:57:48","date_gmt":"2025-04-29T23:57:48","guid":{"rendered":"https:\/\/simuladao.com.br\/app\/?page_id=12719"},"modified":"2025-10-01T10:29:44","modified_gmt":"2025-10-01T13:29:44","slug":"ranking","status":"publish","type":"page","link":"https:\/\/simuladao.com.br\/app\/ranking\/","title":{"rendered":"RANKING DOS MELHORES RESULTADOS"},"content":{"rendered":"<div data-elementor-type=\"wp-page\" data-elementor-id=\"12719\" class=\"elementor elementor-12719\" data-elementor-post-type=\"page\">\n\t\t\t\t<div class=\"elementor-element elementor-element-d7b2244 e-flex e-con-boxed e-con e-parent\" data-id=\"d7b2244\" data-element_type=\"container\" data-e-type=\"container\">\n\t\t\t\t\t<div class=\"e-con-inner\">\n\t\t\t\t<div class=\"elementor-element elementor-element-a6c46d3 elementor-widget elementor-widget-heading\" data-id=\"a6c46d3\" data-element_type=\"widget\" data-e-type=\"widget\" data-widget_type=\"heading.default\">\n\t\t\t\t<div class=\"elementor-widget-container\">\n\t\t\t\t\t<h2 class=\"elementor-heading-title elementor-size-default\">RANKING DOS MELHORES RESULTADOS<\/h2>\t\t\t\t<\/div>\n\t\t\t\t<\/div>\n\t\t\t\t\t<\/div>\n\t\t\t\t<\/div>\n\t\t<div class=\"elementor-element elementor-element-4db1629 e-flex e-con-boxed e-con e-parent\" data-id=\"4db1629\" data-element_type=\"container\" data-e-type=\"container\">\n\t\t\t\t\t<div class=\"e-con-inner\">\n\t\t\t\t<div class=\"elementor-element elementor-element-1377829 elementor-widget elementor-widget-text-editor\" data-id=\"1377829\" data-element_type=\"widget\" data-e-type=\"widget\" data-widget_type=\"text-editor.default\">\n\t\t\t\t<div class=\"elementor-widget-container\">\n\t\t\t\t\t\t\t\t\t<p><span style=\"color: #800000;\"><strong>ATEN\u00c7\u00c3O: Voc\u00ea precisa estar logado (a) para ver o ranking.<\/strong><\/span><\/p>\n<p>Caso n\u00e3o esteja logado ou n\u00e3o possua conta, escolha a op\u00e7\u00e3o Login ou Cadastro no menu superior da plataforma.<\/p>\t\t\t\t\t\t\t\t<\/div>\n\t\t\t\t<\/div>\n\t\t\t\t\t<\/div>\n\t\t\t\t<\/div>\n\t\t<div class=\"elementor-element elementor-element-980a2b e-flex e-con-boxed e-con e-parent\" data-id=\"980a2b\" data-element_type=\"container\" data-e-type=\"container\">\n\t\t\t\t\t<div class=\"e-con-inner\">\n\t\t\t\t<div class=\"elementor-element elementor-element-552df563 elementor-widget elementor-widget-text-editor\" data-id=\"552df563\" data-element_type=\"widget\" data-e-type=\"widget\" data-widget_type=\"text-editor.default\">\n\t\t\t\t<div class=\"elementor-widget-container\">\n\t\t\t\t\t\t\t\t\t<div style=\"margin-bottom: 30px; margin-top: 10px;\" class=\"wpProQuiz_toplist\" data-quiz_id=\"3\">\n<h2>Classifica\u00e7\u00e3o: Mini Simulado CPC (10 quest\u00f5es)<\/h2>\n<table class=\"wpProQuiz_toplistTable\" data-nonce=\"bcf9a955af\">\n<caption>\n\t\tm\u00e1ximo de  <span class=\"wpProQuiz_max_points\">256<\/span>  pontos\t\t<\/caption>\n<thead>\n<tr>\n<th class=\"col-pos\">Pos.<\/th>\n<th class=\"col-name\">Nome<\/th>\n<th class=\"col-date\">Entrou em<\/th>\n<th class=\"col-points\">Pontos<\/th>\n<th class=\"col-results\">Resultado<\/th>\n<\/tr>\n<\/thead>\n<tbody>\n<tr>\n<td colspan=\"5\">Tabela est\u00e1 carregando<\/td>\n<\/tr>\n<tr style=\"display: none;\">\n<td colspan=\"5\">N\u00e3o h\u00e1 dados dispon\u00edveis<\/td>\n<\/tr>\n<tr style=\"display: none;\">\n<td class=\"col-pos\"><\/td>\n<td class=\"col-name\"><\/td>\n<td class=\"col-date\"><\/td>\n<td class=\"col-points\"><\/td>\n<td class=\"col-results\"><\/td>\n<\/tr>\n<\/tbody>\n<\/table>\n<\/div>\n\n<p>\u00a0<\/p>\n\t\t\t\t\t\t\t\t<\/div>\n\t\t\t\t<\/div>\n\t\t\t\t\t<\/div>\n\t\t\t\t<\/div>\n\t\t\t\t<\/div>","protected":false},"excerpt":{"rendered":"<p>RANKING DOS MELHORES RESULTADOS ATEN\u00c7\u00c3O: Voc\u00ea precisa estar logado (a) para ver o ranking. Caso n\u00e3o esteja logado ou n\u00e3o [&hellip;]<\/p>","protected":false},"author":1,"featured_media":0,"parent":0,"menu_order":0,"comment_status":"closed","ping_status":"closed","template":"","meta":{"site-sidebar-layout":"default","site-content-layout":"","ast-site-content-layout":"default","site-content-style":"default","site-sidebar-style":"default","ast-global-header-display":"","ast-banner-title-visibility":"","ast-main-header-display":"","ast-hfb-above-header-display":"","ast-hfb-below-header-display":"","ast-hfb-mobile-header-display":"","site-post-title":"","ast-breadcrumbs-content":"","ast-featured-img":"","footer-sml-layout":"","ast-disable-related-posts":"","theme-transparent-header-meta":"","adv-header-id-meta":"","stick-header-meta":"","header-above-stick-meta":"","header-main-stick-meta":"","header-below-stick-meta":"","astra-migrate-meta-layouts":"default","ast-page-background-enabled":"default","ast-page-background-meta":{"desktop":{"background-color":"","background-image":"","background-repeat":"repeat","background-position":"center center","background-size":"auto","background-attachment":"scroll","background-type":"","background-media":"","overlay-type":"","overlay-color":"","overlay-opacity":"","overlay-gradient":""},"tablet":{"background-color":"","background-image":"","background-repeat":"repeat","background-position":"center center","background-size":"auto","background-attachment":"scroll","background-type":"","background-media":"","overlay-type":"","overlay-color":"","overlay-opacity":"","overlay-gradient":""},"mobile":{"background-color":"","background-image":"","background-repeat":"repeat","background-position":"center center","background-size":"auto","background-attachment":"scroll","background-type":"","background-media":"","overlay-type":"","overlay-color":"","overlay-opacity":"","overlay-gradient":""}},"ast-content-background-meta":{"desktop":{"background-color":"var(--ast-global-color-5)","background-image":"","background-repeat":"repeat","background-position":"center center","background-size":"auto","background-attachment":"scroll","background-type":"","background-media":"","overlay-type":"","overlay-color":"","overlay-opacity":"","overlay-gradient":""},"tablet":{"background-color":"var(--ast-global-color-5)","background-image":"","background-repeat":"repeat","background-position":"center center","background-size":"auto","background-attachment":"scroll","background-type":"","background-media":"","overlay-type":"","overlay-color":"","overlay-opacity":"","overlay-gradient":""},"mobile":{"background-color":"var(--ast-global-color-5)","background-image":"","background-repeat":"repeat","background-position":"center center","background-size":"auto","background-attachment":"scroll","background-type":"","background-media":"","overlay-type":"","overlay-color":"","overlay-opacity":"","overlay-gradient":""}},"footnotes":""},"class_list":["post-12719","page","type-page","status-publish","hentry"],"_links":{"self":[{"href":"https:\/\/simuladao.com.br\/app\/wp-json\/wp\/v2\/pages\/12719","targetHints":{"allow":["GET"]}}],"collection":[{"href":"https:\/\/simuladao.com.br\/app\/wp-json\/wp\/v2\/pages"}],"about":[{"href":"https:\/\/simuladao.com.br\/app\/wp-json\/wp\/v2\/types\/page"}],"author":[{"embeddable":true,"href":"https:\/\/simuladao.com.br\/app\/wp-json\/wp\/v2\/users\/1"}],"replies":[{"embeddable":true,"href":"https:\/\/simuladao.com.br\/app\/wp-json\/wp\/v2\/comments?post=12719"}],"version-history":[{"count":0,"href":"https:\/\/simuladao.com.br\/app\/wp-json\/wp\/v2\/pages\/12719\/revisions"}],"wp:attachment":[{"href":"https:\/\/simuladao.com.br\/app\/wp-json\/wp\/v2\/media?parent=12719"}],"curies":[{"name":"wp","href":"https:\/\/api.w.org\/{rel}","templated":true}]}}