{"id":17,"date":"2026-04-10T14:38:14","date_gmt":"2026-04-10T17:38:14","guid":{"rendered":"https:\/\/simuladao.com.br\/app\/home-2\/"},"modified":"2026-04-29T15:11:44","modified_gmt":"2026-04-29T18:11:44","slug":"home","status":"publish","type":"page","link":"https:\/\/simuladao.com.br\/app\/","title":{"rendered":"Simulad\u00e3o &#8211; Plataforma de Provas e Simulados Online &#8211; Com Gabaritos de Resolu\u00e7\u00e3o"},"content":{"rendered":"<div data-elementor-type=\"wp-post\" data-elementor-id=\"17\" class=\"elementor elementor-17\" data-elementor-post-type=\"page\">\n\t\t\t\t<div class=\"elementor-element elementor-element-c258012 e-flex e-con-boxed e-con e-parent\" data-id=\"c258012\" data-element_type=\"container\" data-e-type=\"container\" data-settings=\"{&quot;background_background&quot;:&quot;classic&quot;}\">\n\t\t\t\t\t<div class=\"e-con-inner\">\n\t\t<div class=\"elementor-element elementor-element-c7110a2 e-con-full e-flex e-con e-child\" data-id=\"c7110a2\" data-element_type=\"container\" data-e-type=\"container\">\n\t\t\t\t<div class=\"elementor-element elementor-element-58c23f8 elementor-widget elementor-widget-spacer\" data-id=\"58c23f8\" data-element_type=\"widget\" data-e-type=\"widget\" data-widget_type=\"spacer.default\">\n\t\t\t\t<div class=\"elementor-widget-container\">\n\t\t\t\t\t\t\t<div class=\"elementor-spacer\">\n\t\t\t<div class=\"elementor-spacer-inner\"><\/div>\n\t\t<\/div>\n\t\t\t\t\t\t<\/div>\n\t\t\t\t<\/div>\n\t\t\t\t<div class=\"elementor-element elementor-element-ec9c7a5 elementor-align-center elementor-mobile-align-center elementor-widget elementor-widget-button\" data-id=\"ec9c7a5\" data-element_type=\"widget\" data-e-type=\"widget\" data-widget_type=\"button.default\">\n\t\t\t\t<div class=\"elementor-widget-container\">\n\t\t\t\t\t\t\t\t\t<div class=\"elementor-button-wrapper\">\n\t\t\t\t\t<a class=\"elementor-button elementor-button-link elementor-size-lg\" href=\"\/simulados\/mini-simulado-cpc-3-questoes\/\">\n\t\t\t\t\t\t<span class=\"elementor-button-content-wrapper\">\n\t\t\t\t\t\t<span class=\"elementor-button-icon\">\n\t\t\t\t<svg xmlns=\"http:\/\/www.w3.org\/2000\/svg\" class=\"cta-icon-svg\" viewBox=\"0 0 512 512\"><path d=\"M512 199.652c0 23.625-20.65 42.667-46 42.667h-64.298l-23.702 118.528C372.583 388.083 349.52 416 320 416H144c-26.51 0-48-21.49-48-48V176c0-13.255 5.373-25.263 14.059-33.941l157.072-157.072c4.155-4.155 10.957-5.068 16.143-2.148l24.471 13.765c5.385 3.029 8.283 9.382 6.772 15.42L290.72 108.681c-2.43 9.719 4.965 19.319 15.006 19.319h160.274c25.35 0 46 19.042 46 42.667V199.652zM32 128H80c8.837 0 16 7.163 16 16v240c0 8.837-7.163 16-16 16H32c-17.673 0-32-14.327-32-32V160c0-17.673 14.327-32 32-32z\"><\/path><\/svg>\t\t\t<\/span>\n\t\t\t\t\t\t\t\t\t<span class=\"elementor-button-text\">Quero Come\u00e7ar Gr\u00e1tis<\/span>\n\t\t\t\t\t<\/span>\n\t\t\t\t\t<\/a>\n\t\t\t\t<\/div>\n\t\t\t\t\t\t\t\t<\/div>\n\t\t\t\t<\/div>\n\t\t\t\t<\/div>\n\t\t\t\t\t<\/div>\n\t\t\t\t<\/div>\n\t\t<div class=\"elementor-element elementor-element-c32b135 e-flex e-con-boxed e-con e-parent\" data-id=\"c32b135\" data-element_type=\"container\" data-e-type=\"container\" data-settings=\"{&quot;background_background&quot;:&quot;classic&quot;}\">\n\t\t\t\t\t<div class=\"e-con-inner\">\n\t\t<div class=\"elementor-element elementor-element-1e80ded e-con-full e-flex e-con e-child\" data-id=\"1e80ded\" data-element_type=\"container\" data-e-type=\"container\">\n\t\t<div class=\"elementor-element elementor-element-ad7d1ce e-con-full e-flex e-con e-child\" data-id=\"ad7d1ce\" data-element_type=\"container\" data-e-type=\"container\">\n\t\t<div class=\"elementor-element elementor-element-ed8ee6b e-con-full e-flex e-con e-child\" data-id=\"ed8ee6b\" data-element_type=\"container\" data-e-type=\"container\" data-settings=\"{&quot;background_background&quot;:&quot;classic&quot;}\">\n\t\t\t\t<div class=\"elementor-element elementor-element-af1303d elementor-view-default elementor-position-block-start elementor-mobile-position-block-start elementor-widget elementor-widget-icon-box\" data-id=\"af1303d\" data-element_type=\"widget\" data-e-type=\"widget\" data-widget_type=\"icon-box.default\">\n\t\t\t\t<div class=\"elementor-widget-container\">\n\t\t\t\t\t\t\t<div class=\"elementor-icon-box-wrapper\">\n\n\t\t\t\t\t\t<div class=\"elementor-icon-box-icon\">\n\t\t\t\t<span  class=\"elementor-icon\">\n\t\t\t\t<svg xmlns=\"http:\/\/www.w3.org\/2000\/svg\" class=\"feature-icon-svg\" viewBox=\"0 0 512 512\"><path d=\"M496 384H64V80c0-8.84-7.16-16-16-16H16C7.16 64 0 71.16 0 80v336c0 26.51 21.49 48 48 48h448c8.84 0 16-7.16 16-16v-32c0-8.84-7.16-16-16-16zM464 96H345.94c-21.38 0-32.09 25.85-16.97 40.97l32.4 32.4L288 242.75l-73.37-73.37c-12.5-12.5-32.76-12.5-45.25 0l-68.69 68.69c-6.25 6.25-6.25 16.38 0 22.63l22.62 22.62c6.25 6.25 16.38 6.25 22.63 0L192 237.25l73.37 73.37c12.5 12.5 32.76 12.5 45.25 0l96-96 32.4 32.4c15.12 15.12 40.97 4.41 40.97-16.97V112c.01-8.84-7.15-16-15.99-16z\"><\/path><\/svg>\t\t\t\t<\/span>\n\t\t\t<\/div>\n\t\t\t\n\t\t\t\t\t\t<div class=\"elementor-icon-box-content\">\n\n\t\t\t\t\t\t\t\t\t<h3 class=\"elementor-icon-box-title\">\n\t\t\t\t\t\t<span  >\n\t\t\t\t\t\t\tAproveitamento e  Resultado\t\t\t\t\t\t<\/span>\n\t\t\t\t\t<\/h3>\n\t\t\t\t\n\t\t\t\t\t\t\t\t\t<p class=\"elementor-icon-box-description\">\n\t\t\t\t\t\tMaior Aproveitamento do que a simples leitura.\t\t\t\t\t<\/p>\n\t\t\t\t\n\t\t\t<\/div>\n\t\t\t\n\t\t<\/div>\n\t\t\t\t\t\t<\/div>\n\t\t\t\t<\/div>\n\t\t\t\t<\/div>\n\t\t<div class=\"elementor-element elementor-element-e006f97 e-con-full e-flex e-con e-child\" data-id=\"e006f97\" data-element_type=\"container\" data-e-type=\"container\" data-settings=\"{&quot;background_background&quot;:&quot;classic&quot;}\">\n\t\t\t\t<div class=\"elementor-element elementor-element-b7efb54 elementor-view-default elementor-position-block-start elementor-mobile-position-block-start elementor-widget elementor-widget-icon-box\" data-id=\"b7efb54\" data-element_type=\"widget\" data-e-type=\"widget\" data-widget_type=\"icon-box.default\">\n\t\t\t\t<div class=\"elementor-widget-container\">\n\t\t\t\t\t\t\t<div class=\"elementor-icon-box-wrapper\">\n\n\t\t\t\t\t\t<div class=\"elementor-icon-box-icon\">\n\t\t\t\t<span  class=\"elementor-icon\">\n\t\t\t\t<svg xmlns=\"http:\/\/www.w3.org\/2000\/svg\" xmlns:xlink=\"http:\/\/www.w3.org\/1999\/xlink\" class=\"feature-icon-svg\" id=\"Layer_1\" x=\"0px\" y=\"0px\" viewBox=\"0 0 512 512\" style=\"enable-background:new 0 0 512 512;\" xml:space=\"preserve\">                <g>                    <g>                        <path d=\"M206.236,61.882c5.957-0.002,16.159,0.995,23.838,2.805V0H0v230.07h230.073v-64.685 c-7.678,1.81-17.878,2.803-23.834,2.803c-29.352,0-53.149-23.794-53.149-53.149C153.09,85.683,176.883,61.884,206.236,61.882z\"><\/path>                    <\/g>                <\/g>                <g>                    <g>                        <path d=\"M165.386,281.93c1.808,7.678,2.802,17.874,2.802,23.833c0.002,29.352-23.792,53.148-53.148,53.148 s-53.154-23.794-53.156-53.146c-0.002-5.957,0.993-16.154,2.803-23.834H0V512h230.073V281.93H165.386z\"><\/path>                    <\/g>                <\/g>                <g>                    <g>                        <path d=\"M281.932,0v230.07h64.689c-1.81-7.561-2.807-16.175-2.807-22.132c0-29.352,23.794-53.148,53.149-53.148 c29.356,0,53.153,23.794,53.156,53.146c0,5.955-1,14.571-2.81,22.133H512V0H281.932z\"><\/path>                    <\/g>                <\/g>                <g>                    <g>                        <path d=\"M281.932,281.93v64.689c7.559-1.808,16.173-2.807,22.128-2.807c29.352,0,53.149,23.794,53.149,53.149 s-23.794,53.154-53.146,53.156c-5.955,0.002-14.571-1-22.132-2.808V512H512V281.93H281.932z\"><\/path>                    <\/g>                <\/g>            <\/svg>\t\t\t\t<\/span>\n\t\t\t<\/div>\n\t\t\t\n\t\t\t\t\t\t<div class=\"elementor-icon-box-content\">\n\n\t\t\t\t\t\t\t\t\t<h3 class=\"elementor-icon-box-title\">\n\t\t\t\t\t\t<span  >\n\t\t\t\t\t\t\tCapacidade de Racioc\u00ednio\t\t\t\t\t\t<\/span>\n\t\t\t\t\t<\/h3>\n\t\t\t\t\n\t\t\t\t\t\t\t\t\t<p class=\"elementor-icon-box-description\">\n\t\t\t\t\t\tMais capacidade de racioc\u00ednio.\t\t\t\t\t<\/p>\n\t\t\t\t\n\t\t\t<\/div>\n\t\t\t\n\t\t<\/div>\n\t\t\t\t\t\t<\/div>\n\t\t\t\t<\/div>\n\t\t\t\t<\/div>\n\t\t<div class=\"elementor-element elementor-element-28fdf1e e-con-full e-flex e-con e-child\" data-id=\"28fdf1e\" data-element_type=\"container\" data-e-type=\"container\" data-settings=\"{&quot;background_background&quot;:&quot;classic&quot;}\">\n\t\t\t\t<div class=\"elementor-element elementor-element-a342a1c elementor-view-default elementor-position-block-start elementor-mobile-position-block-start elementor-widget elementor-widget-icon-box\" data-id=\"a342a1c\" data-element_type=\"widget\" data-e-type=\"widget\" data-widget_type=\"icon-box.default\">\n\t\t\t\t<div class=\"elementor-widget-container\">\n\t\t\t\t\t\t\t<div class=\"elementor-icon-box-wrapper\">\n\n\t\t\t\t\t\t<div class=\"elementor-icon-box-icon\">\n\t\t\t\t<span  class=\"elementor-icon\">\n\t\t\t\t<svg xmlns=\"http:\/\/www.w3.org\/2000\/svg\" class=\"feature-icon-svg\" viewBox=\"0 0 448 512\"><path d=\"M448.1 344v112c0 13.3-10.7 24-24 24h-112c-21.4 0-32.1-25.9-17-41l36.2-36.2L224 295.6 116.8 402.9 153 439c15.1 15.1 4.4 41-17 41H24c-13.3 0-24-10.7-24-24V344c0-21.4 25.9-32.1 41-17l36.2 36.2L184.5 256 77.2 148.7 41 185c-15.1 15.1-41 4.4-41-17V40c0-13.3 10.7-24 24-24h112c21.4 0 32.1 25.9 17 41l-36.2 36.2L224 200.4 331.2 93.1 295 57c-15.1-15.1-4.4-41 17-41h112c13.3 0 24 10.7 24 24v112c0 21.4-25.9 32.1-41 17l-36.2-36.2L264.5 256l107.3 107.3 36.2-36.2c15.1-15.1 41-4.4 41 17z\"><\/path><\/svg>\t\t\t\t<\/span>\n\t\t\t<\/div>\n\t\t\t\n\t\t\t\t\t\t<div class=\"elementor-icon-box-content\">\n\n\t\t\t\t\t\t\t\t\t<h3 class=\"elementor-icon-box-title\">\n\t\t\t\t\t\t<span  >\n\t\t\t\t\t\t\tEfici\u00eancia &amp; Flexibilidade\t\t\t\t\t\t<\/span>\n\t\t\t\t\t<\/h3>\n\t\t\t\t\n\t\t\t\t\t\t\t\t\t<p class=\"elementor-icon-box-description\">\n\t\t\t\t\t\tMaior efici\u00eancia e flexibilidade na prepara\u00e7\u00e3o.\t\t\t\t\t<\/p>\n\t\t\t\t\n\t\t\t<\/div>\n\t\t\t\n\t\t<\/div>\n\t\t\t\t\t\t<\/div>\n\t\t\t\t<\/div>\n\t\t\t\t<\/div>\n\t\t\t\t<\/div>\n\t\t\t\t<\/div>\n\t\t\t\t\t<\/div>\n\t\t\t\t<\/div>\n\t\t<div class=\"elementor-element elementor-element-06fbaa0 e-flex e-con-boxed e-con e-parent\" data-id=\"06fbaa0\" data-element_type=\"container\" data-e-type=\"container\">\n\t\t\t\t\t<div class=\"e-con-inner\">\n\t\t\t\t<div class=\"elementor-element elementor-element-c245fec elementor-widget elementor-widget-heading\" data-id=\"c245fec\" data-element_type=\"widget\" data-e-type=\"widget\" data-widget_type=\"heading.default\">\n\t\t\t\t<div class=\"elementor-widget-container\">\n\t\t\t\t\t<h2 class=\"elementor-heading-title elementor-size-default\">SIMULADOS EM DESTAQUE<\/h2>\t\t\t\t<\/div>\n\t\t\t\t<\/div>\n\t\t\t\t<div class=\"elementor-element elementor-element-f7236da elementor-widget elementor-widget-html\" data-id=\"f7236da\" data-element_type=\"widget\" data-e-type=\"widget\" data-widget_type=\"html.default\">\n\t\t\t\t<div class=\"elementor-widget-container\">\n\t\t\t\t\t<style>\n    \/* Container do Grid *\/\n    .ld-custom-grid {\n        display: grid;\n        grid-template-columns: repeat(auto-fit, minmax(280px, 1fr));\n        gap: 25px;\n        padding: 20px 0;\n        font-family: -apple-system, BlinkMacSystemFont, \"Segoe UI\", Roboto, Helvetica, Arial, sans-serif;\n    }\n\n    \/* Estilo do Card *\/\n    .ld-card {\n        background: #ffffff;\n        border-radius: 12px;\n        overflow: hidden;\n        box-shadow: 0 4px 15px rgba(0,0,0,0.1);\n        transition: transform 0.3s ease, box-shadow 0.3s ease;\n        display: flex;\n        flex-direction: column;\n        text-decoration: none;\n        color: #333;\n        border: 1px solid #eee;\n    }\n\n    .ld-card:hover {\n        transform: translateY(-5px);\n        box-shadow: 0 8px 25px rgba(0,0,0,0.15);\n    }\n\n    \/* Imagem do Card *\/\n    .ld-card-image {\n        width: 100%;\n        height: 180px;\n        object-fit: cover;\n    }\n\n    \/* Conte\u00fado do Card *\/\n    .ld-card-content {\n        padding: 20px;\n        flex-grow: 1;\n        display: flex;\n        flex-direction: column;\n        justify-content: space-between;\n    }\n\n    .ld-card-category {\n        font-size: 12px;\n        text-transform: uppercase;\n        color: #0073aa; \/* Cor padr\u00e3o WordPress *\/\n        font-weight: bold;\n        margin-bottom: 8px;\n    }\n\n    .ld-card-title {\n        font-size: 18px;\n        margin: 0 0 15px 0;\n        line-height: 1.4;\n        font-weight: 600;\n    }\n\n    \/* Bot\u00e3o *\/\n    .ld-card-btn {\n        background-color: #0073aa;\n        color: white;\n        text-align: center;\n        padding: 10px;\n        border-radius: 6px;\n        font-weight: 500;\n        transition: background 0.2s;\n    }\n\n    .ld-card:hover .ld-card-btn {\n        background-color: #005177;\n    }\n<\/style>\n\n<div class=\"ld-custom-grid\">\n    <a href=\"URL_DO_SEU_CURSO_AQUI\" class=\"ld-card\">\n        <img decoding=\"async\" src=\"\/wp-content\/uploads\/2024\/05\/CAPA-PARA-SIMULADO-CPC-1280-x-720-px.jpg\" alt=\"Pacotes de Simulados\" class=\"ld-card-image\" loading=\"lazy\">\n        <div class=\"ld-card-content\">\n            <div>\n                <span class=\"ld-card-category\">Simulados de CPC<\/span>\n                <h3 class=\"ld-card-title\">Lei Seca + Casos Pr\u00e1ticos<\/h3>\n            <\/div>\n            <div class=\"ld-card-btn\">Ver Op\u00e7\u00f5es<\/div>\n        <\/div>\n    <\/a>\n\n    <a href=\"URL_DO_SEU_QUIZ_AQUI\" class=\"ld-card\">\n        <img decoding=\"async\" src=\"\/wp-content\/uploads\/2024\/05\/CAPA-PARA-SIMULADO-CPC-1280-x-720-px.jpg\" alt=\"SIMULADOS DE CPC\" class=\"ld-card-image\" loading=\"lazy\">\n        <div class=\"ld-card-content\">\n            <div>\n                <span class=\"ld-card-category\">SIMULADOS DE CPC<\/span>\n                <h3 class=\"ld-card-title\">Micro-Simulado Gr\u00e1tis de CPC<\/h3>\n            <\/div>\n            <div class=\"ld-card-btn\">Ver Op\u00e7\u00f5es<\/div>\n        <\/div>\n    <\/a>\n\n    <a href=\"URL_DO_SEU_CURSO_2\" class=\"ld-card\">\n        <img decoding=\"async\" src=\"\/wp-content\/uploads\/2024\/05\/CAPA-PARA-SIMULADO-CPC-1280-x-720-px.jpg\" alt=\"Op\u00e7\u00f5es com 3, 10, 30 e 60 Quest\u00f5es\" class=\"ld-card-image\" loading=\"lazy\">\n        <div class=\"ld-card-content\">\n            <div>\n                <span class=\"ld-card-category\">SIMULADOS DE CPC<\/span>\n                <h3 class=\"ld-card-title\">Simulados de CPC Com Op\u00e7\u00f5es de 3, 10, 30 e 60 Quest\u00f5es<\/h3>\n            <\/div>\n            <div class=\"ld-card-btn\">Ver Op\u00e7\u00f5es<\/div>\n        <\/div>\n    <\/a>\n<\/div>\t\t\t\t<\/div>\n\t\t\t\t<\/div>\n\t\t\t\t\t<\/div>\n\t\t\t\t<\/div>\n\t\t<div class=\"elementor-element elementor-element-6ffc418 e-flex e-con-boxed e-con e-parent\" data-id=\"6ffc418\" data-element_type=\"container\" data-e-type=\"container\" data-settings=\"{&quot;shape_divider_bottom&quot;:&quot;waves&quot;}\">\n\t\t\t\t\t<div class=\"e-con-inner\">\n\t\t\t\t<div class=\"elementor-shape elementor-shape-bottom\" aria-hidden=\"true\" data-negative=\"false\">\n\t\t\t<svg xmlns=\"http:\/\/www.w3.org\/2000\/svg\" viewBox=\"0 0 1000 100\" preserveAspectRatio=\"none\">\n\t<path class=\"elementor-shape-fill\" d=\"M421.9,6.5c22.6-2.5,51.5,0.4,75.5,5.3c23.6,4.9,70.9,23.5,100.5,35.7c75.8,32.2,133.7,44.5,192.6,49.7\tc23.6,2.1,48.7,3.5,103.4-2.5c54.7-6,106.2-25.6,106.2-25.6V0H0v30.3c0,0,72,32.6,158.4,30.5c39.2-0.7,92.8-6.7,134-22.4\tc21.2-8.1,52.2-18.2,79.7-24.2C399.3,7.9,411.6,7.5,421.9,6.5z\"\/>\n<\/svg>\t\t<\/div>\n\t\t<div class=\"elementor-element elementor-element-408198d e-con-full e-flex e-con e-child\" data-id=\"408198d\" data-element_type=\"container\" data-e-type=\"container\">\n\t\t\t\t<div class=\"elementor-element elementor-element-bb74768 elementor-widget elementor-widget-heading\" data-id=\"bb74768\" data-element_type=\"widget\" data-e-type=\"widget\" data-widget_type=\"heading.default\">\n\t\t\t\t<div class=\"elementor-widget-container\">\n\t\t\t\t\t<h2 class=\"elementor-heading-title elementor-size-default\">PRINCIPAIS FUNCIONALIDADES<\/h2>\t\t\t\t<\/div>\n\t\t\t\t<\/div>\n\t\t<div class=\"elementor-element elementor-element-76446ac e-con-full e-flex e-con e-child\" data-id=\"76446ac\" data-element_type=\"container\" data-e-type=\"container\">\n\t\t<div class=\"elementor-element elementor-element-99e60d7 e-con-full e-flex e-con e-child\" data-id=\"99e60d7\" data-element_type=\"container\" data-e-type=\"container\">\n\t\t\t\t<div class=\"elementor-element elementor-element-cfc1ce4 elementor-widget elementor-widget-image\" data-id=\"cfc1ce4\" data-element_type=\"widget\" data-e-type=\"widget\" data-widget_type=\"image.default\">\n\t\t\t\t<div class=\"elementor-widget-container\">\n\t\t\t\t\t\t\t\t\t\t\t\t\t\t\t<img fetchpriority=\"high\" decoding=\"async\" width=\"500\" height=\"600\" src=\"https:\/\/simuladao.com.br\/app\/wp-content\/uploads\/2026\/04\/COMEMORANDO.png\" class=\"attachment-full size-full wp-image-26548\" alt=\"\" srcset=\"https:\/\/simuladao.com.br\/app\/wp-content\/uploads\/2026\/04\/COMEMORANDO.png 500w,  https:\/\/simuladao.com.br\/app\/wp-content\/uploads\/2026\/04\/COMEMORANDO-250x300.png 250w\" sizes=\"(max-width: 500px) 100vw, 500px\" \/>\t\t\t\t\t\t\t\t\t\t\t\t\t\t\t<\/div>\n\t\t\t\t<\/div>\n\t\t\t\t<\/div>\n\t\t<div class=\"elementor-element elementor-element-767dbc4 e-con-full e-flex e-con e-child\" data-id=\"767dbc4\" data-element_type=\"container\" data-e-type=\"container\">\n\t\t\t\t<div class=\"elementor-element elementor-element-6b45099 elementor-widget elementor-widget-html\" data-id=\"6b45099\" data-element_type=\"widget\" data-e-type=\"widget\" data-widget_type=\"html.default\">\n\t\t\t\t<div class=\"elementor-widget-container\">\n\t\t\t\t\t<style>\n    .legal-features-container {\n        \/* Removemos fontes espec\u00edficas para herdar do tema *\/\n        font-family: inherit; \n        background-color: #ffffff;\n        padding: 30px;\n        border-radius: 12px;\n        border: 1px solid #e0e0e0;\n        box-shadow: 0 4px 6px rgba(0,0,0,0.05);\n        color: inherit; \/* Herda a cor do texto do tema tamb\u00e9m *\/\n        max-width: 500px;\n        margin: 0 auto;\n    }\n\n    .feature-title {\n        text-align: center;\n        font-size: 20px;\n        font-weight: 800;\n        color: #005a87; \/* Cor de destaque, pode mudar para 'inherit' se quiser *\/\n        margin-bottom: 25px;\n        text-transform: uppercase;\n        border-bottom: 2px solid #005a87;\n        padding-bottom: 10px;\n        font-family: inherit;\n    }\n\n    .feature-item {\n        display: flex;\n        align-items: flex-start;\n        margin-bottom: 15px;\n        line-height: 1.6;\n        text-align: justify;\n    }\n\n    .feature-icon {\n        margin-right: 12px;\n        flex-shrink: 0;\n        font-size: 1.1em;\n    }\n\n    .feature-text {\n        font-size: 1.1rem; \/* Usar rem ajuda a manter a propor\u00e7\u00e3o do tema *\/\n        font-weight: 600;\n        text-transform: uppercase;\n        letter-spacing: 0.3px;\n        width: 100%;\n        font-family: inherit;\n    }\n\n    .feature-note {\n        margin-top: 20px;\n        padding-top: 15px;\n        border-top: 1px solid #eee;\n        font-size: 0.85rem;\n        color: #666;\n        font-style: italic;\n        text-align: justify;\n        font-family: inherit;\n    }\n\n    .highlight {\n        color: #005a87;\n        font-weight: 700;\n    }\n<\/style>\n\n<div class=\"legal-features-container\">\n    <h3 class=\"feature-title\">RECURSOS EM DESTAQUE<\/h3>\n\n    <div class=\"feature-item\">\n        <span class=\"feature-icon\">\u2705<\/span>\n        <span class=\"feature-text\">Quest\u00f5es atualizadas de acordo com a <span class=\"highlight\">Lei Seca.<\/span> <\/span>\n    <\/div>\n    <div class=\"feature-item\">\n        <span class=\"feature-icon\">\u2705<\/span>\n        <span class=\"feature-text\">Simulados com diferentes tamanhos (3 (GR\u00c1TIS), 10, 30 e 60 quest\u00f5es).<\/span>\n    <\/div>\n\n    <div class=\"feature-item\">\n        <span class=\"feature-icon\">\u2705<\/span>\n        <span class=\"feature-text\">OP\u00c7\u00d5ES DE QUEST\u00d5ES CORRETAS, INCORRETAS E CASO CONCRETO.<\/span>\n    <\/div>\n\n    <div class=\"feature-item\">\n        <span class=\"feature-icon\">\u2705<\/span>\n        <span class=\"feature-text\">Simulados cronometrados.<\/span>\n    <\/div>\n\n    <div class=\"feature-item\">\n        <span class=\"feature-icon\">\u2705<\/span>\n        <span class=\"feature-text\">Gabarito de resposta com a fundamenta\u00e7\u00e3o. (*)<\/span>\n    <\/div>\n\n    <div class=\"feature-item\">\n        <span class=\"feature-icon\">\u2705<\/span>\n        <span class=\"feature-text\">Ranking dos melhores resultados. (*)<\/span>\n    <\/div>\n\n    <div class=\"feature-item\">\n        <span class=\"feature-icon\">\u2705<\/span>\n        <span class=\"feature-text\">Certificado de participa\u00e7\u00e3o para acertos superiores a 50%. (*)<\/span>\n    <\/div>\n\n    <div class=\"feature-note\">\n        (*) N\u00e3o v\u00e1lido para o micro-simulado de 3 quest\u00f5es.\n    <\/div>\n<\/div>\t\t\t\t<\/div>\n\t\t\t\t<\/div>\n\t\t\t\t<\/div>\n\t\t\t\t<\/div>\n\t\t\t\t<\/div>\n\t\t\t\t\t<\/div>\n\t\t\t\t<\/div>\n\t\t<div class=\"elementor-element elementor-element-6be7d79 e-flex e-con-boxed e-con e-parent\" data-id=\"6be7d79\" data-element_type=\"container\" data-e-type=\"container\">\n\t\t\t\t\t<div class=\"e-con-inner\">\n\t\t\t\t\t<\/div>\n\t\t\t\t<\/div>\n\t\t\t\t<\/div>","protected":false},"excerpt":{"rendered":"<p>Quero Come\u00e7ar Gr\u00e1tis Aproveitamento e Resultado Maior Aproveitamento do que a simples leitura. Capacidade de Racioc\u00ednio Mais capacidade de racioc\u00ednio. [&hellip;]<\/p>","protected":false},"author":1,"featured_media":0,"parent":0,"menu_order":0,"comment_status":"closed","ping_status":"closed","template":"","meta":{"site-sidebar-layout":"no-sidebar","site-content-layout":"page-builder","ast-site-content-layout":"default","site-content-style":"default","site-sidebar-style":"default","ast-global-header-display":"","ast-banner-title-visibility":"","ast-main-header-display":"","ast-hfb-above-header-display":"","ast-hfb-below-header-display":"","ast-hfb-mobile-header-display":"","site-post-title":"disabled","ast-breadcrumbs-content":"","ast-featured-img":"disabled","footer-sml-layout":"","ast-disable-related-posts":"","theme-transparent-header-meta":"enabled","adv-header-id-meta":"","stick-header-meta":"","header-above-stick-meta":"","header-main-stick-meta":"","header-below-stick-meta":"","astra-migrate-meta-layouts":"default","ast-page-background-enabled":"default","ast-page-background-meta":{"desktop":{"background-color":"","background-image":"","background-repeat":"repeat","background-position":"center center","background-size":"auto","background-attachment":"scroll","background-type":"","background-media":"","overlay-type":"","overlay-color":"","overlay-opacity":"","overlay-gradient":""},"tablet":{"background-color":"","background-image":"","background-repeat":"repeat","background-position":"center center","background-size":"auto","background-attachment":"scroll","background-type":"","background-media":"","overlay-type":"","overlay-color":"","overlay-opacity":"","overlay-gradient":""},"mobile":{"background-color":"","background-image":"","background-repeat":"repeat","background-position":"center center","background-size":"auto","background-attachment":"scroll","background-type":"","background-media":"","overlay-type":"","overlay-color":"","overlay-opacity":"","overlay-gradient":""}},"ast-content-background-meta":{"desktop":{"background-color":"var(--ast-global-color-5)","background-image":"","background-repeat":"repeat","background-position":"center center","background-size":"auto","background-attachment":"scroll","background-type":"","background-media":"","overlay-type":"","overlay-color":"","overlay-opacity":"","overlay-gradient":""},"tablet":{"background-color":"var(--ast-global-color-5)","background-image":"","background-repeat":"repeat","background-position":"center center","background-size":"auto","background-attachment":"scroll","background-type":"","background-media":"","overlay-type":"","overlay-color":"","overlay-opacity":"","overlay-gradient":""},"mobile":{"background-color":"var(--ast-global-color-5)","background-image":"","background-repeat":"repeat","background-position":"center center","background-size":"auto","background-attachment":"scroll","background-type":"","background-media":"","overlay-type":"","overlay-color":"","overlay-opacity":"","overlay-gradient":""}},"footnotes":""},"class_list":["post-17","page","type-page","status-publish","hentry"],"_links":{"self":[{"href":"https:\/\/simuladao.com.br\/app\/wp-json\/wp\/v2\/pages\/17","targetHints":{"allow":["GET"]}}],"collection":[{"href":"https:\/\/simuladao.com.br\/app\/wp-json\/wp\/v2\/pages"}],"about":[{"href":"https:\/\/simuladao.com.br\/app\/wp-json\/wp\/v2\/types\/page"}],"author":[{"embeddable":true,"href":"https:\/\/simuladao.com.br\/app\/wp-json\/wp\/v2\/users\/1"}],"replies":[{"embeddable":true,"href":"https:\/\/simuladao.com.br\/app\/wp-json\/wp\/v2\/comments?post=17"}],"version-history":[{"count":170,"href":"https:\/\/simuladao.com.br\/app\/wp-json\/wp\/v2\/pages\/17\/revisions"}],"predecessor-version":[{"id":27330,"href":"https:\/\/simuladao.com.br\/app\/wp-json\/wp\/v2\/pages\/17\/revisions\/27330"}],"wp:attachment":[{"href":"https:\/\/simuladao.com.br\/app\/wp-json\/wp\/v2\/media?parent=17"}],"curies":[{"name":"wp","href":"https:\/\/api.w.org\/{rel}","templated":true}]}}